{"id":9945,"date":"2019-04-10T09:08:47","date_gmt":"2019-04-10T07:08:47","guid":{"rendered":"https:\/\/www.villadevarda.com\/villa-de-varda-e-famiglia-dolzan-una-storia-in-comune\/"},"modified":"2021-12-10T10:14:10","modified_gmt":"2021-12-10T09:14:10","slug":"villa-de-varda-e-famiglia-dolzan-una-storia-in-comune","status":"publish","type":"page","link":"https:\/\/www.villadevarda.com\/de\/villa-de-varda-e-famiglia-dolzan-una-storia-in-comune\/","title":{"rendered":"Die Familie Dolzan: die Herkunft der Grappa Trentina"},"content":{"rendered":"[vc_row type=&#8220;in_container&#8220; full_screen_row_position=&#8220;middle&#8220; column_margin=&#8220;default&#8220; column_direction=&#8220;default&#8220; column_direction_tablet=&#8220;default&#8220; column_direction_phone=&#8220;default&#8220; scene_position=&#8220;center&#8220; text_color=&#8220;dark&#8220; text_align=&#8220;left&#8220; row_border_radius=&#8220;none&#8220; row_border_radius_applies=&#8220;bg&#8220; overlay_strength=&#8220;0.3&#8243; gradient_direction=&#8220;left_to_right&#8220; enable_shape_divider=&#8220;true&#8220; shape_divider_color=&#8220;#c17748&#8243; shape_divider_position=&#8220;bottom&#8220; shape_divider_height=&#8220;200&#8243; shape_divider_bring_to_front=&#8220;true&#8220; bg_image_animation=&#8220;none&#8220; shape_type=&#8220;curve_opacity&#8220;][vc_column column_padding=&#8220;no-extra-padding&#8220; column_padding_tablet=&#8220;inherit&#8220; column_padding_phone=&#8220;inherit&#8220; column_padding_position=&#8220;all&#8220; column_element_spacing=&#8220;default&#8220; background_color_opacity=&#8220;1&#8243; background_hover_color_opacity=&#8220;1&#8243; column_shadow=&#8220;none&#8220; column_border_radius=&#8220;none&#8220; column_link_target=&#8220;_self&#8220; gradient_direction=&#8220;left_to_right&#8220; overlay_strength=&#8220;0.3&#8243; width=&#8220;1\/1&#8243; tablet_width_inherit=&#8220;default&#8220; tablet_text_alignment=&#8220;default&#8220; phone_text_alignment=&#8220;default&#8220; bg_image_animation=&#8220;none&#8220; border_type=&#8220;simple&#8220; column_border_width=&#8220;none&#8220; column_border_style=&#8220;solid&#8220;]<style type=\"text\/css\">#nectar-slider-instance-1, #nectar-slider-instance-1 .swiper-container { height: calc( 850 * 100vw \/ 1600 ); } <\/style><div  data-transition=\"slide\" data-overall_style=\"classic\" data-flexible-height=\"true\" data-animate-in-effect=\"none\" data-fullscreen=\"false\" data-button-sizing=\"regular\" data-button-styling=\"btn_with_count\" data-autorotate=\"\" data-parallax=\"false\" data-parallax-disable-mobile=\"\" data-caption-trans=\"fade_in_from_bottom\" data-parallax-style=\"bg_only\" data-bg-animation=\"none\" data-full-width=\"true\" class=\"nectar-slider-wrap \" id=\"nectar-slider-instance-1\"><div class=\"swiper-container\"  data-tho=\"auto\" data-tco=\"auto\" data-pho=\"auto\" data-pco=\"auto\" data-loop=\"false\" data-height=\"850\" data-min-height=\"\" data-arrows=\"true\" data-bullets=\"false\" data-bullet_style=\"see_through\" data-bullet_position=\"bottom\" data-desktop-swipe=\"true\" data-settings=\"\"> <div class=\"swiper-wrapper\"><div class=\"swiper-slide\" data-desktop-content-width=\"auto\" data-tablet-content-width=\"auto\" data-bg-alignment=\"top\" data-color-scheme=\"light\" data-x-pos=\"centered\" data-y-pos=\"middle\" ><div class=\"slide-bg-wrap\"><div class=\"image-bg\" style=\"background-image: url(https:\/\/www.villadevarda.com\/wp-content\/uploads\/2020\/12\/33B0976.jpg);\"> &nbsp; <\/div><\/div><a href=\"#\" class=\"slider-down-arrow\"><i class=\"icon-salient-down-arrow icon-default-style\"> <span class=\"ie-fix\"><\/span> <\/i><\/a><div class=\"video-texture active_texture\"> <span class=\"ie-fix\"><\/span> <\/div><\/div> <!--\/swiper-slide--><\/div><div class=\"nectar-slider-loading \"> <span class=\"loading-icon none\">   <\/span> <\/div> <\/div> \r\n\t\t\t\t\t\r\n\t\t\t\t\t<\/div>[\/vc_column][\/vc_row][vc_row type=&#8220;in_container&#8220; full_screen_row_position=&#8220;middle&#8220; column_margin=&#8220;default&#8220; column_direction=&#8220;default&#8220; column_direction_tablet=&#8220;default&#8220; column_direction_phone=&#8220;default&#8220; scene_position=&#8220;center&#8220; top_padding=&#8220;50&#8243; text_color=&#8220;dark&#8220; text_align=&#8220;left&#8220; row_border_radius=&#8220;none&#8220; row_border_radius_applies=&#8220;bg&#8220; overlay_strength=&#8220;0.3&#8243; gradient_direction=&#8220;left_to_right&#8220; shape_divider_position=&#8220;bottom&#8220; bg_image_animation=&#8220;none&#8220; shape_type=&#8220;&#8220;][vc_column column_padding=&#8220;padding-3-percent&#8220; column_padding_tablet=&#8220;inherit&#8220; column_padding_phone=&#8220;inherit&#8220; column_padding_position=&#8220;left-right&#8220; column_element_spacing=&#8220;default&#8220; background_color_opacity=&#8220;1&#8243; background_hover_color_opacity=&#8220;1&#8243; column_shadow=&#8220;none&#8220; column_border_radius=&#8220;none&#8220; column_link_target=&#8220;_self&#8220; gradient_direction=&#8220;left_to_right&#8220; overlay_strength=&#8220;0.3&#8243; width=&#8220;1\/1&#8243; tablet_width_inherit=&#8220;default&#8220; tablet_text_alignment=&#8220;default&#8220; phone_text_alignment=&#8220;default&#8220; bg_image_animation=&#8220;none&#8220; border_type=&#8220;simple&#8220; column_border_width=&#8220;none&#8220; column_border_style=&#8220;solid&#8220;][vc_column_text]\n<h1><\/h1>\n<h1 style=\"text-align: center;\">Villa de Varda und die Familie Dolzan: eine gemeinsame Geschichte<\/h1>\n[\/vc_column_text][vc_column_text]In Mezzolombardo, im Herzen <strong>der Piana Rotaliana im Trentino<\/strong>, war die de Varda Familie Eigent\u00fcmer von Weinbergen sowie Wein-und Grappahersteller. Seit dem fr\u00fchen 19. Jahrhundert f\u00fchrt der Urgro\u00dfvater <strong>Romedio Dolzan<\/strong> seinen Betrieb in den gleichen Destillationsr\u00e4umen, welcher heute auf der sechsten Generation gekommen ist. Mit gro\u00dfer Leidenschaft hat <strong>Cav. Luigi Dolzan<\/strong> die Traditionen und Lehren von seinem Vater Giovanni geerbt, und zusammen mit seiner <strong>Frau Clara<\/strong> und ihren Kindern <strong>Michele<\/strong> und <strong>Mauro<\/strong>, f\u00fchrt er den Familienbetrieb mit diesen verwurzelten Werten unter Ber\u00fccksichtigung von den Markttendenzen mit modernen Technologien jedoch nach der Familientradition.[\/vc_column_text][divider line_type=&#8220;Full Width Line&#8220; line_thickness=&#8220;1&#8243; divider_color=&#8220;extra-color-3&#8243; animate=&#8220;yes&#8220; custom_height=&#8220;80&#8243;][vc_column_text]\n<h2 style=\"text-align: center;\">Die Destillationskunst: die Familie Dolzan gestern und heute<\/h2>\n<p>Zusammen mit den Geheimnissen der Destillationskunst haben wir im Laufe der Jahrhunderte eine betr\u00e4chtliche Menge antiker Werkzeuge angesammelt. 1988 hat Cav. Luigi Dolzan eine sehr wertvolle Sammlung aus ethnographischer und kultureller Sicht geschaffen, die eine echte Rarit\u00e4t darstellt. Die wichtigste Halle der Brennerei beherbergt dieses national bekannte <a href=\"https:\/\/www.villadevarda.com\/de\/grappa-museum\/\">Museum<\/a>, das 1.600 aufgelistete antike Gegenst\u00e4nde, Ger\u00e4te und Werkzeuge f\u00fcr Landwirtschaft, Keller und Brennerei sowie mehr als 280 historische Dokumente sammelt, die das ethnografische Leben der Familie in der Zeit beweisen.[\/vc_column_text][divider line_type=&#8220;No Line&#8220; custom_height=&#8220;40&#8243;][vc_column_text]<a href=\"http:\/\/www.villadevarda.com\/wp-content\/uploads\/2019\/04\/famiglia-Dolzan-albero.jpg\" rel=\"prettyPhoto[gallery-mOx9]\"><img loading=\"lazy\" class=\"aligncenter wp-image-9946\" src=\"https:\/\/www.villadevarda.com\/wp-content\/uploads\/2019\/04\/famiglia-Dolzan-albero-243x300.jpg\" alt=\"\" width=\"1024\" height=\"1264\" srcset=\"https:\/\/www.villadevarda.com\/wp-content\/uploads\/2019\/04\/famiglia-Dolzan-albero-243x300.jpg 243w, https:\/\/www.villadevarda.com\/wp-content\/uploads\/2019\/04\/famiglia-Dolzan-albero-768x948.jpg 768w, https:\/\/www.villadevarda.com\/wp-content\/uploads\/2019\/04\/famiglia-Dolzan-albero-829x1024.jpg 829w, https:\/\/www.villadevarda.com\/wp-content\/uploads\/2019\/04\/famiglia-Dolzan-albero-600x741.jpg 600w, https:\/\/www.villadevarda.com\/wp-content\/uploads\/2019\/04\/famiglia-Dolzan-albero.jpg 1836w\" sizes=\"(max-width: 1024px) 100vw, 1024px\" \/><\/a>[\/vc_column_text][\/vc_column][\/vc_row]\n","protected":false},"excerpt":{"rendered":"<p>[vc_row type=&#8220;in_container&#8220; full_screen_row_position=&#8220;middle&#8220; column_margin=&#8220;default&#8220; column_direction=&#8220;default&#8220; column_direction_tablet=&#8220;default&#8220; column_direction_phone=&#8220;default&#8220; scene_position=&#8220;center&#8220; text_color=&#8220;dark&#8220; text_align=&#8220;left&#8220; row_border_radius=&#8220;none&#8220; row_border_radius_applies=&#8220;bg&#8220; overlay_strength=&#8220;0.3&#8243; gradient_direction=&#8220;left_to_right&#8220; enable_shape_divider=&#8220;true&#8220; shape_divider_color=&#8220;#c17748&#8243; shape_divider_position=&#8220;bottom&#8220; shape_divider_height=&#8220;200&#8243; shape_divider_bring_to_front=&#8220;true&#8220; bg_image_animation=&#8220;none&#8220; shape_type=&#8220;curve_opacity&#8220;][vc_column column_padding=&#8220;no-extra-padding&#8220; column_padding_tablet=&#8220;inherit&#8220; column_padding_phone=&#8220;inherit&#8220; column_padding_position=&#8220;all&#8220; column_element_spacing=&#8220;default&#8220; background_color_opacity=&#8220;1&#8243; background_hover_color_opacity=&#8220;1&#8243; column_shadow=&#8220;none&#8220; column_border_radius=&#8220;none&#8220;&#8230;<\/p>\n","protected":false},"author":1,"featured_media":0,"parent":0,"menu_order":0,"comment_status":"closed","ping_status":"closed","template":"","meta":[],"_links":{"self":[{"href":"https:\/\/www.villadevarda.com\/de\/wp-json\/wp\/v2\/pages\/9945"}],"collection":[{"href":"https:\/\/www.villadevarda.com\/de\/wp-json\/wp\/v2\/pages"}],"about":[{"href":"https:\/\/www.villadevarda.com\/de\/wp-json\/wp\/v2\/types\/page"}],"author":[{"embeddable":true,"href":"https:\/\/www.villadevarda.com\/de\/wp-json\/wp\/v2\/users\/1"}],"replies":[{"embeddable":true,"href":"https:\/\/www.villadevarda.com\/de\/wp-json\/wp\/v2\/comments?post=9945"}],"version-history":[{"count":4,"href":"https:\/\/www.villadevarda.com\/de\/wp-json\/wp\/v2\/pages\/9945\/revisions"}],"predecessor-version":[{"id":9968,"href":"https:\/\/www.villadevarda.com\/de\/wp-json\/wp\/v2\/pages\/9945\/revisions\/9968"}],"wp:attachment":[{"href":"https:\/\/www.villadevarda.com\/de\/wp-json\/wp\/v2\/media?parent=9945"}],"curies":[{"name":"wp","href":"https:\/\/api.w.org\/{rel}","templated":true}]}}