{"id":9896,"date":"2019-01-10T09:38:07","date_gmt":"2019-01-10T08:38:07","guid":{"rendered":"https:\/\/www.villadevarda.com\/campo-maseri-weine\/mueller-thurgau\/"},"modified":"2021-12-07T10:38:42","modified_gmt":"2021-12-07T09:38:42","slug":"mueller-thurgau","status":"publish","type":"page","link":"https:\/\/www.villadevarda.com\/de\/campo-maseri-weine\/mueller-thurgau\/","title":{"rendered":"M\u00fcller Thurgau"},"content":{"rendered":"[vc_row type=&#8220;in_container&#8220; full_screen_row_position=&#8220;middle&#8220; scene_position=&#8220;center&#8220; text_color=&#8220;dark&#8220; text_align=&#8220;left&#8220; overlay_strength=&#8220;0.3&#8243; shape_divider_position=&#8220;bottom&#8220;][vc_column column_padding=&#8220;no-extra-padding&#8220; column_padding_position=&#8220;all&#8220; background_color_opacity=&#8220;1&#8243; background_hover_color_opacity=&#8220;1&#8243; column_link_target=&#8220;_self&#8220; column_shadow=&#8220;none&#8220; column_border_radius=&#8220;none&#8220; width=&#8220;1\/1&#8243; tablet_width_inherit=&#8220;default&#8220; tablet_text_alignment=&#8220;default&#8220; phone_text_alignment=&#8220;default&#8220; column_border_width=&#8220;none&#8220; column_border_style=&#8220;solid&#8220;][vc_column_text]\n<h1 style=\"text-align: center;\">M\u00fcller Thurgau<\/h1>\n<p style=\"text-align: center;\"><span style=\"color: #c17748;\">Weine aus dem Trentino<\/span><\/p>\n[\/vc_column_text][\/vc_column][\/vc_row][vc_row type=&#8220;in_container&#8220; full_screen_row_position=&#8220;middle&#8220; equal_height=&#8220;yes&#8220; scene_position=&#8220;center&#8220; text_color=&#8220;dark&#8220; text_align=&#8220;left&#8220; overlay_strength=&#8220;0.3&#8243; shape_divider_position=&#8220;bottom&#8220; shape_type=&#8220;&#8220;][vc_column centered_text=&#8220;true&#8220; column_padding=&#8220;padding-3-percent&#8220; column_padding_position=&#8220;all&#8220; background_color_opacity=&#8220;1&#8243; background_hover_color_opacity=&#8220;1&#8243; column_link_target=&#8220;_self&#8220; column_shadow=&#8220;none&#8220; column_border_radius=&#8220;none&#8220; width=&#8220;1\/2&#8243; tablet_width_inherit=&#8220;default&#8220; tablet_text_alignment=&#8220;default&#8220; phone_text_alignment=&#8220;default&#8220; column_border_width=&#8220;none&#8220; column_border_style=&#8220;solid&#8220;][image_with_animation image_url=&#8220;6439&#8243; alignment=&#8220;center&#8220; animation=&#8220;Fade In&#8220; img_link_large=&#8220;yes&#8220; border_radius=&#8220;none&#8220; box_shadow=&#8220;none&#8220; max_width=&#8220;100%&#8220;][\/vc_column][vc_column column_padding=&#8220;padding-3-percent&#8220; column_padding_position=&#8220;all&#8220; background_color_opacity=&#8220;1&#8243; background_hover_color_opacity=&#8220;1&#8243; column_link_target=&#8220;_self&#8220; column_shadow=&#8220;none&#8220; column_border_radius=&#8220;none&#8220; width=&#8220;1\/2&#8243; tablet_width_inherit=&#8220;default&#8220; tablet_text_alignment=&#8220;default&#8220; phone_text_alignment=&#8220;default&#8220; column_border_width=&#8220;none&#8220; column_border_style=&#8220;solid&#8220;][vc_column_text]Sorgf\u00e4ltig ausgew\u00e4hlte <strong>M\u00fcller Thurgau<\/strong>-Trauben aus den Weinbergen in Trentino[\/vc_column_text][divider line_type=&#8220;Full Width Line&#8220; line_thickness=&#8220;1&#8243; divider_color=&#8220;extra-color-3&#8243; animate=&#8220;yes&#8220;][vc_column_text]\n<p>G\u00e4rung in Edelstahlbeh\u00e4ltern und mindestens 4 Monate auf der Feinhefe vor der Abf\u00fcllung. Hervorragend als Aperitif, perfekt zu Gem\u00fcse- und Fischgerichten, Krebstieren, Wei\u00dffleisch und K\u00e4se [\/vc_column_text]<div class=\"iwithtext\"><div class=\"iwt-icon\"> <img src=\"https:\/\/www.villadevarda.com\/wp-content\/uploads\/2019\/01\/icona-gusto-vino.png\" alt=\"\" \/> <\/div><div class=\"iwt-text\"> \n<p>Strohgelb mit gr\u00fcnen Reflexen<\/p>\n<p>Duftend und fein, mit ausgezeichneter aromatischer Komplexit\u00e4t, Noten vom wei\u00dfen Pfirsich, Zitrusfr\u00fcchten und wilder wei\u00dfer Rose, mit w\u00fcrzigen Nuancen von Muskatnuss, elegant und mineralisch<\/p>\n<p>Trocken, s\u00e4urebetont und geschmackvoll, mit einer guten aromatischen Struktur, lange im Abgang <\/div><div class=\"clear\"><\/div><\/div>[\/vc_column][\/vc_row][vc_row type=&#8220;in_container&#8220; full_screen_row_position=&#8220;middle&#8220; bg_color=&#8220;#fcf8f6&#8243; scene_position=&#8220;center&#8220; text_color=&#8220;dark&#8220; text_align=&#8220;center&#8220; overlay_strength=&#8220;0.3&#8243; shape_divider_position=&#8220;bottom&#8220; shape_type=&#8220;&#8220;][vc_column column_padding=&#8220;padding-3-percent&#8220; column_padding_position=&#8220;all&#8220; background_color_opacity=&#8220;1&#8243; background_hover_color_opacity=&#8220;1&#8243; column_link_target=&#8220;_self&#8220; column_shadow=&#8220;none&#8220; column_border_radius=&#8220;none&#8220; width=&#8220;1\/1&#8243; tablet_width_inherit=&#8220;default&#8220; tablet_text_alignment=&#8220;default&#8220; phone_text_alignment=&#8220;default&#8220; column_border_width=&#8220;none&#8220; column_border_style=&#8220;solid&#8220;][vc_row_inner column_margin=&#8220;default&#8220; top_padding=&#8220;30&#8243; text_align=&#8220;left&#8220;][vc_column_inner column_padding=&#8220;no-extra-padding&#8220; column_padding_position=&#8220;all&#8220; background_color_opacity=&#8220;1&#8243; background_hover_color_opacity=&#8220;1&#8243; column_shadow=&#8220;none&#8220; column_border_radius=&#8220;none&#8220; column_link_target=&#8220;_self&#8220; width=&#8220;1\/4&#8243; tablet_width_inherit=&#8220;default&#8220; column_border_width=&#8220;none&#8220; column_border_style=&#8220;solid&#8220;][vc_column_text]<span style=\"color: #c17748;\"><strong>Alc Vol<br \/>\n<\/strong><\/span>12,5<\/p>\n<p><img loading=\"lazy\" class=\"alignnone size-full wp-image-9455\" src=\"https:\/\/www.villadevarda.com\/wp-content\/uploads\/2019\/01\/simbolo-gradazione-grappe-trentine-2.png\" alt=\"\" width=\"45\" height=\"52\" \/>[\/vc_column_text][\/vc_column_inner][vc_column_inner column_padding=&#8220;no-extra-padding&#8220; column_padding_position=&#8220;all&#8220; background_color_opacity=&#8220;1&#8243; background_hover_color_opacity=&#8220;1&#8243; column_shadow=&#8220;none&#8220; column_border_radius=&#8220;none&#8220; column_link_target=&#8220;_self&#8220; width=&#8220;1\/4&#8243; tablet_width_inherit=&#8220;default&#8220; column_border_width=&#8220;none&#8220; column_border_style=&#8220;solid&#8220;][vc_column_text]<span style=\"color: #c17748;\"><strong>Temperatur<br \/>\n<\/strong><\/span>10-12\u00b0 C<\/p>\n<p><img loading=\"lazy\" class=\"alignnone wp-image-9453 size-full\" src=\"https:\/\/www.villadevarda.com\/wp-content\/uploads\/2018\/10\/icona-gradi-temperatura.png\" alt=\"\" width=\"50\" height=\"63\" \/>[\/vc_column_text][\/vc_column_inner][vc_column_inner column_padding=&#8220;no-extra-padding&#8220; column_padding_position=&#8220;all&#8220; background_color_opacity=&#8220;1&#8243; background_hover_color_opacity=&#8220;1&#8243; column_shadow=&#8220;none&#8220; column_border_radius=&#8220;none&#8220; column_link_target=&#8220;_self&#8220; width=&#8220;1\/4&#8243; tablet_width_inherit=&#8220;default&#8220; column_border_width=&#8220;none&#8220; column_border_style=&#8220;solid&#8220;][vc_column_text]<span style=\"color: #c17748;\"><strong>Format<\/strong><\/span><br \/>\n75 cl<\/p>\n<p><img loading=\"lazy\" class=\"alignnone wp-image-6489 size-full\" src=\"https:\/\/www.villadevarda.com\/wp-content\/uploads\/2019\/01\/icona-formati-vino.png\" alt=\"\" width=\"50\" height=\"63\" \/>[\/vc_column_text][\/vc_column_inner][vc_column_inner column_padding=&#8220;no-extra-padding&#8220; column_padding_position=&#8220;all&#8220; background_color_opacity=&#8220;1&#8243; background_hover_color_opacity=&#8220;1&#8243; column_shadow=&#8220;none&#8220; column_border_radius=&#8220;none&#8220; column_link_target=&#8220;_blank&#8220; width=&#8220;1\/4&#8243; tablet_width_inherit=&#8220;default&#8220; column_border_width=&#8220;none&#8220; column_border_style=&#8220;solid&#8220; column_link=&#8220;https:\/\/www.villadevarda.com\/pdf\/vini\/`{`PDF-ITA`}`-scheda-tecnica-mueller-thuergau-villa-de-varda.pdf&#8220;][vc_column_text]<span style=\"color: #c17748;\"><strong>Datenblatt<br \/>\n<\/strong><\/span>Download<span style=\"color: #c17748;\"><strong><br \/>\n<\/strong><\/span><\/p>\n<p><img loading=\"lazy\" class=\"alignnone wp-image-9450 size-full\" src=\"https:\/\/www.villadevarda.com\/wp-content\/uploads\/2018\/10\/icona-download-pdf.png\" alt=\"\" width=\"50\" height=\"63\" \/>[\/vc_column_text][\/vc_column_inner][\/vc_row_inner][\/vc_column][\/vc_row]\n","protected":false},"excerpt":{"rendered":"<p>[vc_row type=&#8220;in_container&#8220; full_screen_row_position=&#8220;middle&#8220; scene_position=&#8220;center&#8220; text_color=&#8220;dark&#8220; text_align=&#8220;left&#8220; overlay_strength=&#8220;0.3&#8243; shape_divider_position=&#8220;bottom&#8220;][vc_column column_padding=&#8220;no-extra-padding&#8220; column_padding_position=&#8220;all&#8220; background_color_opacity=&#8220;1&#8243; background_hover_color_opacity=&#8220;1&#8243; column_link_target=&#8220;_self&#8220; column_shadow=&#8220;none&#8220; column_border_radius=&#8220;none&#8220; width=&#8220;1\/1&#8243; tablet_width_inherit=&#8220;default&#8220; tablet_text_alignment=&#8220;default&#8220; phone_text_alignment=&#8220;default&#8220; column_border_width=&#8220;none&#8220; column_border_style=&#8220;solid&#8220;][vc_column_text] M\u00fcller Thurgau Weine aus dem Trentino [\/vc_column_text][\/vc_column][\/vc_row][vc_row type=&#8220;in_container&#8220; full_screen_row_position=&#8220;middle&#8220;&#8230;<\/p>\n","protected":false},"author":1,"featured_media":0,"parent":9884,"menu_order":0,"comment_status":"closed","ping_status":"closed","template":"","meta":[],"_links":{"self":[{"href":"https:\/\/www.villadevarda.com\/de\/wp-json\/wp\/v2\/pages\/9896"}],"collection":[{"href":"https:\/\/www.villadevarda.com\/de\/wp-json\/wp\/v2\/pages"}],"about":[{"href":"https:\/\/www.villadevarda.com\/de\/wp-json\/wp\/v2\/types\/page"}],"author":[{"embeddable":true,"href":"https:\/\/www.villadevarda.com\/de\/wp-json\/wp\/v2\/users\/1"}],"replies":[{"embeddable":true,"href":"https:\/\/www.villadevarda.com\/de\/wp-json\/wp\/v2\/comments?post=9896"}],"version-history":[{"count":4,"href":"https:\/\/www.villadevarda.com\/de\/wp-json\/wp\/v2\/pages\/9896\/revisions"}],"predecessor-version":[{"id":9936,"href":"https:\/\/www.villadevarda.com\/de\/wp-json\/wp\/v2\/pages\/9896\/revisions\/9936"}],"up":[{"embeddable":true,"href":"https:\/\/www.villadevarda.com\/de\/wp-json\/wp\/v2\/pages\/9884"}],"wp:attachment":[{"href":"https:\/\/www.villadevarda.com\/de\/wp-json\/wp\/v2\/media?parent=9896"}],"curies":[{"name":"wp","href":"https:\/\/api.w.org\/{rel}","templated":true}]}}