{"id":9877,"date":"2018-10-03T14:32:55","date_gmt":"2018-10-03T12:32:55","guid":{"rendered":"https:\/\/www.villadevarda.com\/privacy-policy\/"},"modified":"2021-12-06T14:39:24","modified_gmt":"2021-12-06T13:39:24","slug":"privacy-policy","status":"publish","type":"page","link":"https:\/\/www.villadevarda.com\/de\/privacy-policy\/","title":{"rendered":"Privacy Policy"},"content":{"rendered":"<p>Ai sensi dell\u2019art. 13 e 14 del Regolamento europeo (UE) 2016\/679 (di seguito GDPR), e in relazione ai dati personali di cui il Titolare del Trattamento entrer\u00e0 nella disponibilit\u00e0 comunichiamo quanto segue:<\/p>\n<p><strong>Titolare del trattamento<\/strong><\/p>\n<p>VILLA DE VARDA SRL, via Rotaliana 27\/a \u2013 38017 Mezzolombardo (TN) \u2013 P.Iva. 01129470223 Tel. 0461.601486 \u2013 Email info@villadevarda.com \u2013 PEC info@pec.villadevarda.com<\/p>\n<p><strong>Tipo di dati, finalit\u00e0 e base giuridica del trattamento<\/strong><\/p>\n<p>Riassumiamo nella seguente Tabella il tipo di dati da noi trattati per Categoria di interessati.<\/p>\n<table style=\"height: 125px; width: 1097px;\" border=\"1px solid #dedede\" width=\"1097\" cellpadding=\"8px\">\n<tbody>\n<tr>\n<td><strong>INTERESSATI<\/strong><\/td>\n<td><strong>TIPO DI DATI<\/strong><\/td>\n<td><strong>FINALITA&#8216; DEL TRATTAMENTO<\/strong><\/td>\n<td><strong>BASE GIURIDICA DEL TRATTAMENTO<\/strong><\/td>\n<\/tr>\n<tr>\n<td>Se ci contatti per avere informazioni e\/o preventivi<\/td>\n<td><strong>DATI COMUNI<\/strong><br \/>\nNome\/cognome dati di contatto<\/td>\n<td>Elaborazione di preventivi o informazioni su richiesta dell\u2019Interessato<\/td>\n<td>Esecuzione di misure precontrattuali<\/td>\n<\/tr>\n<tr>\n<td>Se sei un nostro Cliente<\/td>\n<td><strong>DATI COMUNI<\/strong><br \/>\nNome\/Cognome\/Rag. Sociale Dati anagrafici Indirizzo di consegna Indirizzo di fatturazione Dati di contatto Codice Fiscale\/P.Iva\/Cod. Sdi Credenziali di accesso (per acquisti on-line) Metadati (es. dettagli delle visite al sito internet, come dati di traffico, informazioni relative al browser, dati della sessione)<\/td>\n<td>Elaborazione di preventivi o informazioni su richiesta dell\u2019Interessato<br \/>\nAdempimento degli obblighi contrattuali<br \/>\nAdempimento obblighi fiscali e contabili<br \/>\nMarketing diretto del Titolare\/Newsletter<br \/>\nTutela dei diritti del Titolare<\/td>\n<td>Esecuzione di misure precontrattuali<br \/>\nEsecuzione di un contratto<br \/>\nAdempimento di un obbligo legale<br \/>\nConsenso<br \/>\nLegittimo interesse del Titolare<br \/>\nLegittimo interesse del Titolare<\/td>\n<\/tr>\n<tr>\n<td>Se ci hai fornito i Tuoi dati in occasione di Eventi o Fiere<\/td>\n<td><strong>DATI COMUNI<\/strong><br \/>\nNome\/Cognome Indirizzo Dati di contatto<\/td>\n<td>Elaborazione di preventivi o informazioni su richiesta dell\u2019Interessato<br \/>\nMarketing diretto\/newsletter\/attivit\u00e0 promozionali del Titolare<\/td>\n<td>Esecuzione di misure precontrattuali<br \/>\nConsenso<br \/>\nLegittimo interesse del Titolare<\/td>\n<\/tr>\n<tr>\n<td>Se sei un nostro Fornitore (impresa individuale o professionista)<\/td>\n<td><strong>DATI COMUNI<\/strong><br \/>\nNome\/Cognome\/Rag. Sociale Dati anagrafici Dati di contatto Codice fiscale\/P.Iva\/Cod. Sdi Coordinate bancarie<\/td>\n<td>Richieste di informazioni, preventivi, contatti commerciali<br \/>\nAdempimento degli obblighi contrattuali<br \/>\nAdempimento obblighi fiscali, contabili<br \/>\nTutela dei diritti del Titolare<\/td>\n<td>Esecuzione di misure precontrattuali<br \/>\nEsecuzione di un contratto<br \/>\nAdempimento di un obbligo legale<br \/>\nLegittimo interesse del Titolare<\/td>\n<\/tr>\n<tr>\n<td>Se sei un dipendente o collaboratore di un nostro Cliente, Fornitore o Contatto istituzionale<\/td>\n<td><strong>DATI COMUNI<\/strong><br \/>\nNome\/cognome dati di contatto<\/td>\n<td>Richieste di informazioni, preventivi, contatti commerciali<br \/>\nAdempimento degli obblighi contrattuali con il Tuo datore di lavoro<\/td>\n<td>Esecuzione di misure precontrattuali<br \/>\nEsecuzione di un contratto<\/td>\n<\/tr>\n<tr>\n<td>Se sei un Candidato all\u2019assunzione<\/td>\n<td><strong>DATI COMUNI<\/strong><br \/>\nDati anagrafici Dati di contatto Fotografia Titolo di studio\/qualifiche Esperienze lavorative <strong>DATI PARTICOLARI<br \/>\n<\/strong>Appartenenza a categ. protette<\/td>\n<td>Ricerca, selezione e valutazione del personale per eventuale assunzione<\/td>\n<td>Ai sensi dell\u2019art. 111 bis D.Lgs. 196\/2003 non \u00e8 richiesto il consenso per le finalit\u00e0 indicate<br \/>\nEsecuzione di misure precontrattuali<\/td>\n<\/tr>\n<\/tbody>\n<\/table>\n<p><strong>Modalit\u00e0 del trattamento dei dati personali<\/strong> &#8211; Il trattamento \u00e8 realizzato attraverso operazioni, effettuate con o senza l\u2019ausilio di strumenti elettronici, che possono consistere nella raccolta, registrazione, organizzazione, conservazione, interconnessione, limitazione, modifica, consultazione, uso, comunicazione, cancellazione, distruzione dei dati. Il trattamento \u00e8 svolto dal Titolare, dagli incaricati espressamente autorizzati dal titolare o da Responsabili esterni del trattamento appositamente nominati dal Titolare.<br \/>\nSe intendiamo trattare ulteriormente i Tuoi dati personali per una finalit\u00e0 diversa da quella per cui essi sono stati raccolti, prima di procedere a tale ulteriore trattamento, Ti forniremo tutte le informazioni del caso chiedendo, se necessario, il Tuo consenso. Pu\u00f2 accadere che utilizzeremo, a fini di promozione diretta di nostri servizi, le coordinate di posta elettronica da Te fornite nel contesto di una precedente vendita o fornitura di servizio, anche senza che Tu abbia espressamente dato il Tuo consenso e purch\u00e9 che si tratti di prodotti o servizi analoghi a quelli precedentemente forniti. Potrai per\u00f2 sempre optare per non ricevere pi\u00f9 tali informazioni, inizialmente o in occasione delle successive comunicazioni.<\/p>\n<p><strong>Conferimento dei dati e rifiuto<\/strong> &#8211; Nel caso di Tue richieste di informazioni e\/o preventivi oppure nel caso di acquisto di uno dei nostri prodotti o servizi, il conferimento dei Tuoi dati personali \u00e8 necessario ai fini dell\u2019esecuzione delle misure precontrattuali e contrattuali da Te richieste e pertanto il rifiuto da parte Tua comporta l\u2019impossibilit\u00e0 di adempiere al contratto.<\/p>\n<p><strong>Dati relativi alla carta di credito o ad altri metodi di pagamento<\/strong> &#8211; Nel caso di acquisti on-line attraverso il nostro sito, i dati relativi alla carta di credito o ad altri metodi di pagamento sono acquisiti dal fornitore del servizio di pagamento che agir\u00e0 in qualit\u00e0 di autonomo titolare del trattamento.<\/p>\n<p><strong>Destinatari dei dati<\/strong> &#8211; I Tuoi dati personali non vengono diffusi. Essi possono venire a conoscenza esclusivamente del nostro personale autorizzato e\/o da responsabili del trattamento che agiscono per nostro conto con contratti che prevedono un adeguato livello di protezione dei dati personali, come stabilito dal GDPR. I dati possono essere comunicati in generale a tutti i soggetti e\/o Enti ai quali la comunicazione \u00e8 necessaria per il corretto espletamento delle finalit\u00e0 del trattamento o per adempimenti imposti dalla legge (ad es. amministrativi, contabili, fiscali).<\/p>\n<p><strong>Trasferimento dei dati verso Paesi terzi o organizzazioni internazionali<\/strong> &#8211; Non \u00e8 previsto il trasferimento dei dati in Paesi terzi o verso organizzazioni internazionali. Assicuriamo comunque che nel caso ci\u00f2 dovesse rendersi necessario, tale trasferimento avverr\u00e0 sulla base di una decisione di adeguatezza da parte della Commissione Europea ai sensi dell\u2019art. 45 del GDPR.<\/p>\n<p><strong>Conservazione dei dati<\/strong> &#8211; I dati sono conservati per il tempo necessario per il perseguimento delle finalit\u00e0 indicate nella presente informativa, per obblighi di legge o per far valere un diritto in sede giudiziaria. Una volta decorsi i termini di prescrizione, i dati personali verranno eliminati definitivamente o, in alternativa, anonimizzati. Per finalit\u00e0 di Marketing diretto \/ newsletter\/ attivit\u00e0 promozionali del Titolare o profilazione, i dati saranno conservati fino a Tua revoca del consenso o richiesta di cancellazione o per un periodo massimo di 24 mesi. Nel caso Tu ci abbia inviato un Curriculum Vitae per un\u2019eventuale assunzione, il termine massimo di conservazione \u00e8 di 1 anno.<\/p>\n<p><strong>I Tuoi Diritti<\/strong> &#8211; Hai il diritto di chiedere al Titolare del trattamento: di accedere ai Tuoi dati personali; di chiedere la rettifica dei dati inesatti o l&#8217;integrazione di quelli incompleti; di chiederne la cancellazione (alle condizioni indicate nell&#8217;art. 17 GDPR); di limitarne del trattamento (alle condizioni dell&#8217;art.18 GDPR); di opporti al loro trattamento; di richiedere \u2013 dove possibile &#8211; una copia dei Tuoi dati personali in formato elettronico e il diritto di trasmettere tali dati personali per utilizzarli nell&#8217;ambito del servizio di altri Titolari (cd. portabilit\u00e0 dei dati); di non essere soggetto a una decisione basata esclusivamente su un processo decisionale automatizzato, anche in materia di profilazione, qualora la decisione abbia un effetto giuridico nei Tuoi confronti o comporti un effetto altrettanto significativo; di proporre reclamo all\u2019Autorit\u00e0 Garante per la protezione dei dati personali \u2013 www.garanteprivacy.it<\/p>\n","protected":false},"excerpt":{"rendered":"<p>Ai sensi dell\u2019art. 13 e 14 del Regolamento europeo (UE) 2016\/679 (di seguito GDPR), e in relazione ai dati personali di cui il Titolare del Trattamento entrer\u00e0 nella disponibilit\u00e0 comunichiamo&#8230;<\/p>\n","protected":false},"author":1,"featured_media":0,"parent":0,"menu_order":0,"comment_status":"closed","ping_status":"open","template":"","meta":[],"_links":{"self":[{"href":"https:\/\/www.villadevarda.com\/de\/wp-json\/wp\/v2\/pages\/9877"}],"collection":[{"href":"https:\/\/www.villadevarda.com\/de\/wp-json\/wp\/v2\/pages"}],"about":[{"href":"https:\/\/www.villadevarda.com\/de\/wp-json\/wp\/v2\/types\/page"}],"author":[{"embeddable":true,"href":"https:\/\/www.villadevarda.com\/de\/wp-json\/wp\/v2\/users\/1"}],"replies":[{"embeddable":true,"href":"https:\/\/www.villadevarda.com\/de\/wp-json\/wp\/v2\/comments?post=9877"}],"version-history":[{"count":1,"href":"https:\/\/www.villadevarda.com\/de\/wp-json\/wp\/v2\/pages\/9877\/revisions"}],"predecessor-version":[{"id":9878,"href":"https:\/\/www.villadevarda.com\/de\/wp-json\/wp\/v2\/pages\/9877\/revisions\/9878"}],"wp:attachment":[{"href":"https:\/\/www.villadevarda.com\/de\/wp-json\/wp\/v2\/media?parent=9877"}],"curies":[{"name":"wp","href":"https:\/\/api.w.org\/{rel}","templated":true}]}}