{"id":9523,"date":"2019-01-09T11:08:53","date_gmt":"2019-01-09T10:08:53","guid":{"rendered":"https:\/\/www.villadevarda.com\/alta-selezione\/moscato-stravecchia-albarel-grappa-riserva\/"},"modified":"2021-12-10T12:14:17","modified_gmt":"2021-12-10T11:14:17","slug":"moscato-stravecchia-albarel-grappa-riserva","status":"publish","type":"page","link":"https:\/\/www.villadevarda.com\/de\/grappe-trentine\/alta-selezione\/moscato-stravecchia-albarel-grappa-riserva\/","title":{"rendered":"Grappa Moscato Stravecchia Albarel"},"content":{"rendered":"[vc_row type=&#8220;in_container&#8220; full_screen_row_position=&#8220;middle&#8220; scene_position=&#8220;center&#8220; text_color=&#8220;dark&#8220; text_align=&#8220;left&#8220; overlay_strength=&#8220;0.3&#8243; shape_divider_position=&#8220;bottom&#8220;][vc_column column_padding=&#8220;no-extra-padding&#8220; column_padding_position=&#8220;all&#8220; background_color_opacity=&#8220;1&#8243; background_hover_color_opacity=&#8220;1&#8243; column_link_target=&#8220;_self&#8220; column_shadow=&#8220;none&#8220; column_border_radius=&#8220;none&#8220; width=&#8220;1\/1&#8243; tablet_width_inherit=&#8220;default&#8220; tablet_text_alignment=&#8220;default&#8220; phone_text_alignment=&#8220;default&#8220; column_border_width=&#8220;none&#8220; column_border_style=&#8220;solid&#8220;][vc_column_text]\n<h1 style=\"text-align: center;\">Grappa Moscato Stravecchia Albarel<\/h1>\n<p style=\"text-align: center;\"><span style=\"color: #c17748;\">Alta Selezione<br \/>\n<\/span><\/p>\n[\/vc_column_text][\/vc_column][\/vc_row][vc_row type=&#8220;in_container&#8220; full_screen_row_position=&#8220;middle&#8220; equal_height=&#8220;yes&#8220; scene_position=&#8220;center&#8220; text_color=&#8220;dark&#8220; text_align=&#8220;left&#8220; overlay_strength=&#8220;0.3&#8243; shape_divider_position=&#8220;bottom&#8220; shape_type=&#8220;&#8220;][vc_column centered_text=&#8220;true&#8220; column_padding=&#8220;padding-3-percent&#8220; column_padding_position=&#8220;all&#8220; background_color_opacity=&#8220;1&#8243; background_hover_color_opacity=&#8220;1&#8243; column_link_target=&#8220;_self&#8220; column_shadow=&#8220;none&#8220; column_border_radius=&#8220;none&#8220; width=&#8220;1\/2&#8243; tablet_width_inherit=&#8220;default&#8220; tablet_text_alignment=&#8220;default&#8220; phone_text_alignment=&#8220;default&#8220; column_border_width=&#8220;none&#8220; column_border_style=&#8220;solid&#8220;][image_with_animation image_url=&#8220;6283&#8243; alignment=&#8220;center&#8220; animation=&#8220;Fade In&#8220; img_link_large=&#8220;yes&#8220; border_radius=&#8220;none&#8220; box_shadow=&#8220;none&#8220; max_width=&#8220;100%&#8220;][\/vc_column][vc_column column_padding=&#8220;padding-3-percent&#8220; column_padding_position=&#8220;all&#8220; background_color_opacity=&#8220;1&#8243; background_hover_color_opacity=&#8220;1&#8243; column_link_target=&#8220;_self&#8220; column_shadow=&#8220;none&#8220; column_border_radius=&#8220;none&#8220; width=&#8220;1\/2&#8243; tablet_width_inherit=&#8220;default&#8220; tablet_text_alignment=&#8220;default&#8220; phone_text_alignment=&#8220;default&#8220; column_border_width=&#8220;none&#8220; column_border_style=&#8220;solid&#8220;][vc_column_text]<strong>Grappa Moscato Stravecchia Albarel<\/strong> Alta Selezione von Villa de Varda ist ein Destillat aus den besten Muskat-Trestern aus Trentino: sie werden zuerst destilliert und l\u00e4nger in Barrique gereift. Aus diesem Prozess ergibt sich eine einzigartige Grappa ideal f\u00fcr besondere Gelegenheiten. Diese Perle von Villa de Varda ist in der Mahagoniholzkiste mit dem vom <strong>Brennermeister Luigi Dolzan<\/strong> unterschriebenen und nummerierten technischen Brief verpackt.[\/vc_column_text][divider line_type=&#8220;Full Width Line&#8220; line_thickness=&#8220;1&#8243; divider_color=&#8220;extra-color-3&#8243; animate=&#8220;yes&#8220; custom_height=&#8220;40&#8243;][vc_column_text]\n<h2>Grappa Riserva Moscato tr\u00e4gt einen Namen: Albarel<\/h2>\n<p>Moscato Stravecchia Albarel pr\u00e4sentiert sich mit einer kr\u00e4ftigen Bernsteinfarbe: der Duft ist reich und faszinierend: diese Grappa Riserva verf\u00fchrt mit ihrer aromatischen und reichen Geschmack.<\/strong>[\/vc_column_text]<div class=\"iwithtext\"><div class=\"iwt-icon\"> <img src=\"https:\/\/www.villadevarda.com\/wp-content\/uploads\/2015\/07\/icona-gusto-2.png\" alt=\"\" \/> <\/div><div class=\"iwt-text\"> \n<p>Warmer Bernsteinton mit goldgelben Reflexen<\/p>\n<p>Mit ausgezeichneter aromatischer Feinheit, aromenreich, kr\u00e4ftig, mit verf\u00fchrerischen Noten von Ananas, Zitrusfr\u00fcchten und blumigen Noten von Holunderbl\u00fcten, Akazie, Maigl\u00f6ckchen und Glyzinie<\/p>\n<p>Besonders weich und raffiniert, aromenreich, mit milden Noten von Schalenfr\u00fcchten und Kr\u00e4utern, Schokolade und mit einem reichen Bouquet von blumigen und fruchtigen Aromen <\/div><div class=\"clear\"><\/div><\/div>[\/vc_column][\/vc_row][vc_row type=&#8220;in_container&#8220; full_screen_row_position=&#8220;middle&#8220; bg_color=&#8220;#fcf8f6&#8243; scene_position=&#8220;center&#8220; text_color=&#8220;dark&#8220; text_align=&#8220;center&#8220; overlay_strength=&#8220;0.3&#8243; shape_divider_position=&#8220;bottom&#8220; shape_type=&#8220;&#8220;][vc_column column_padding=&#8220;padding-3-percent&#8220; column_padding_position=&#8220;all&#8220; background_color_opacity=&#8220;1&#8243; background_hover_color_opacity=&#8220;1&#8243; column_link_target=&#8220;_self&#8220; column_shadow=&#8220;none&#8220; column_border_radius=&#8220;none&#8220; width=&#8220;1\/1&#8243; tablet_width_inherit=&#8220;default&#8220; tablet_text_alignment=&#8220;default&#8220; phone_text_alignment=&#8220;default&#8220; column_border_width=&#8220;none&#8220; column_border_style=&#8220;solid&#8220;][vc_row_inner column_margin=&#8220;default&#8220; top_padding=&#8220;30&#8243; text_align=&#8220;left&#8220;][vc_column_inner column_padding=&#8220;no-extra-padding&#8220; column_padding_position=&#8220;all&#8220; background_color_opacity=&#8220;1&#8243; background_hover_color_opacity=&#8220;1&#8243; column_shadow=&#8220;none&#8220; column_border_radius=&#8220;none&#8220; column_link_target=&#8220;_self&#8220; width=&#8220;1\/5&#8243; tablet_width_inherit=&#8220;default&#8220; column_border_width=&#8220;none&#8220; column_border_style=&#8220;solid&#8220;][vc_column_text]<span style=\"color: #c17748;\"><strong>Alc Vol<br \/>\n<\/strong><\/span><span class=\"paragrafo\">40<\/span><\/p>\n<p><img loading=\"lazy\" class=\"alignnone size-full wp-image-9455\" src=\"https:\/\/www.villadevarda.com\/wp-content\/uploads\/2019\/01\/simbolo-gradazione-grappe-trentine-2.png\" alt=\"\" width=\"45\" height=\"52\" \/>[\/vc_column_text][\/vc_column_inner][vc_column_inner column_padding=&#8220;no-extra-padding&#8220; column_padding_position=&#8220;all&#8220; background_color_opacity=&#8220;1&#8243; background_hover_color_opacity=&#8220;1&#8243; column_shadow=&#8220;none&#8220; column_border_radius=&#8220;none&#8220; column_link_target=&#8220;_self&#8220; width=&#8220;1\/5&#8243; tablet_width_inherit=&#8220;default&#8220; column_border_width=&#8220;none&#8220; column_border_style=&#8220;solid&#8220;][vc_column_text]<span style=\"color: #c17748;\"><strong>Temperatur<br \/>\n<\/strong><\/span>20\u00b0<\/p>\n<p><img loading=\"lazy\" class=\"alignnone wp-image-9453 size-full\" src=\"https:\/\/www.villadevarda.com\/wp-content\/uploads\/2018\/10\/icona-gradi-temperatura.png\" alt=\"\" width=\"50\" height=\"63\" \/>[\/vc_column_text][\/vc_column_inner][vc_column_inner column_padding=&#8220;no-extra-padding&#8220; column_padding_position=&#8220;all&#8220; background_color_opacity=&#8220;1&#8243; background_hover_color_opacity=&#8220;1&#8243; column_shadow=&#8220;none&#8220; column_border_radius=&#8220;none&#8220; column_link_target=&#8220;_self&#8220; width=&#8220;1\/5&#8243; tablet_width_inherit=&#8220;default&#8220; column_border_width=&#8220;none&#8220; column_border_style=&#8220;solid&#8220;][vc_column_text]<span style=\"color: #c17748;\"><strong>Format<\/strong><\/span><br \/>\n70 cl<\/p>\n<p><img loading=\"lazy\" class=\"alignnone size-full wp-image-9452\" src=\"https:\/\/www.villadevarda.com\/wp-content\/uploads\/2018\/10\/icona-formati.png\" alt=\"\" width=\"50\" height=\"63\" \/>[\/vc_column_text][\/vc_column_inner][vc_column_inner column_padding=&#8220;no-extra-padding&#8220; column_padding_position=&#8220;all&#8220; background_color_opacity=&#8220;1&#8243; background_hover_color_opacity=&#8220;1&#8243; column_shadow=&#8220;none&#8220; column_border_radius=&#8220;none&#8220; column_link_target=&#8220;_blank&#8220; width=&#8220;1\/5&#8243; tablet_width_inherit=&#8220;default&#8220; column_border_width=&#8220;none&#8220; column_border_style=&#8220;solid&#8220; column_link=&#8220;https:\/\/www.villadevarda.com\/pdf\/grappe\/`{`PDF-ITA`}`-scheda-tecnica-moscato-stravecchia-albarel-grappa-barricata-riserva-villa-de-varda.pdf&#8220;][vc_column_text]<span style=\"color: #c17748;\"><strong>Datenblatt<br \/>\n<\/strong><\/span>Download<span style=\"color: #c17748;\"><strong><br \/>\n<\/strong><\/span><\/p>\n<p><img loading=\"lazy\" class=\"alignnone wp-image-9450 size-full\" src=\"https:\/\/www.villadevarda.com\/wp-content\/uploads\/2018\/10\/icona-download-pdf.png\" alt=\"\" width=\"50\" height=\"63\" \/>[\/vc_column_text][\/vc_column_inner][vc_column_inner column_padding=&#8220;no-extra-padding&#8220; column_padding_position=&#8220;all&#8220; background_color_opacity=&#8220;1&#8243; background_hover_color_opacity=&#8220;1&#8243; column_shadow=&#8220;none&#8220; column_border_radius=&#8220;none&#8220; column_link_target=&#8220;_self&#8220; width=&#8220;1\/5&#8243; tablet_width_inherit=&#8220;default&#8220; column_border_width=&#8220;none&#8220; column_border_style=&#8220;solid&#8220;][vc_column_text]<strong><span style=\"color: #c17748;\">Preis:<\/span><br \/>\n<\/strong><\/p>\n<p><img loading=\"lazy\" class=\"alignnone wp-image-6285\" src=\"https:\/\/www.villadevarda.com\/wp-content\/uploads\/2019\/01\/primo-premio.png\" alt=\"\" width=\"78\" height=\"78\" srcset=\"https:\/\/www.villadevarda.com\/wp-content\/uploads\/2019\/01\/primo-premio.png 102w, https:\/\/www.villadevarda.com\/wp-content\/uploads\/2019\/01\/primo-premio-100x100.png 100w\" sizes=\"(max-width: 78px) 100vw, 78px\" \/>[\/vc_column_text][\/vc_column_inner][\/vc_row_inner][\/vc_column][\/vc_row]\n","protected":false},"excerpt":{"rendered":"<p>[vc_row type=&#8220;in_container&#8220; full_screen_row_position=&#8220;middle&#8220; scene_position=&#8220;center&#8220; text_color=&#8220;dark&#8220; text_align=&#8220;left&#8220; overlay_strength=&#8220;0.3&#8243; shape_divider_position=&#8220;bottom&#8220;][vc_column column_padding=&#8220;no-extra-padding&#8220; column_padding_position=&#8220;all&#8220; background_color_opacity=&#8220;1&#8243; background_hover_color_opacity=&#8220;1&#8243; column_link_target=&#8220;_self&#8220; column_shadow=&#8220;none&#8220; column_border_radius=&#8220;none&#8220; width=&#8220;1\/1&#8243; tablet_width_inherit=&#8220;default&#8220; tablet_text_alignment=&#8220;default&#8220; phone_text_alignment=&#8220;default&#8220; column_border_width=&#8220;none&#8220; column_border_style=&#8220;solid&#8220;][vc_column_text] Grappa Moscato Stravecchia Albarel Alta Selezione [\/vc_column_text][\/vc_column][\/vc_row][vc_row type=&#8220;in_container&#8220; full_screen_row_position=&#8220;middle&#8220;&#8230;<\/p>\n","protected":false},"author":1,"featured_media":9524,"parent":9483,"menu_order":0,"comment_status":"closed","ping_status":"closed","template":"","meta":[],"_links":{"self":[{"href":"https:\/\/www.villadevarda.com\/de\/wp-json\/wp\/v2\/pages\/9523"}],"collection":[{"href":"https:\/\/www.villadevarda.com\/de\/wp-json\/wp\/v2\/pages"}],"about":[{"href":"https:\/\/www.villadevarda.com\/de\/wp-json\/wp\/v2\/types\/page"}],"author":[{"embeddable":true,"href":"https:\/\/www.villadevarda.com\/de\/wp-json\/wp\/v2\/users\/1"}],"replies":[{"embeddable":true,"href":"https:\/\/www.villadevarda.com\/de\/wp-json\/wp\/v2\/comments?post=9523"}],"version-history":[{"count":3,"href":"https:\/\/www.villadevarda.com\/de\/wp-json\/wp\/v2\/pages\/9523\/revisions"}],"predecessor-version":[{"id":9992,"href":"https:\/\/www.villadevarda.com\/de\/wp-json\/wp\/v2\/pages\/9523\/revisions\/9992"}],"up":[{"embeddable":true,"href":"https:\/\/www.villadevarda.com\/de\/wp-json\/wp\/v2\/pages\/9483"}],"wp:featuredmedia":[{"embeddable":true,"href":"https:\/\/www.villadevarda.com\/de\/wp-json\/wp\/v2\/media\/9524"}],"wp:attachment":[{"href":"https:\/\/www.villadevarda.com\/de\/wp-json\/wp\/v2\/media?parent=9523"}],"curies":[{"name":"wp","href":"https:\/\/api.w.org\/{rel}","templated":true}]}}