{"id":9449,"date":"2018-10-23T09:48:58","date_gmt":"2018-10-23T07:48:58","guid":{"rendered":"https:\/\/www.villadevarda.com\/riserva-di-famiglia\/selezione-mauro-dolzan-grappa-riserva-vecchia-barrique\/"},"modified":"2021-12-10T11:07:50","modified_gmt":"2021-12-10T10:07:50","slug":"selezione-mauro-dolzan-grappa-riserva-vecchia-barrique","status":"publish","type":"page","link":"https:\/\/www.villadevarda.com\/de\/grappe-trentine\/riserva-di-famiglia\/selezione-mauro-dolzan-grappa-riserva-vecchia-barrique\/","title":{"rendered":"Selezione Mauro Dolzan &#8211; Grappa Riserva Vecchia Barrique"},"content":{"rendered":"[vc_row type=&#8220;in_container&#8220; full_screen_row_position=&#8220;middle&#8220; scene_position=&#8220;center&#8220; text_color=&#8220;dark&#8220; text_align=&#8220;left&#8220; overlay_strength=&#8220;0.3&#8243; shape_divider_position=&#8220;bottom&#8220;][vc_column column_padding=&#8220;no-extra-padding&#8220; column_padding_position=&#8220;all&#8220; background_color_opacity=&#8220;1&#8243; background_hover_color_opacity=&#8220;1&#8243; column_link_target=&#8220;_self&#8220; column_shadow=&#8220;none&#8220; column_border_radius=&#8220;none&#8220; width=&#8220;1\/1&#8243; tablet_width_inherit=&#8220;default&#8220; tablet_text_alignment=&#8220;default&#8220; phone_text_alignment=&#8220;default&#8220; column_border_width=&#8220;none&#8220; column_border_style=&#8220;solid&#8220;][vc_column_text]\n<h1 style=\"text-align: center;\">Selezione Mauro Dolzan &#8211; Grappa Riserva<br \/>\nVecchia Barrique<\/h1>\n<p style=\"text-align: center;\"><span style=\"color: #c17748;\">Riserve di Famiglia<br \/>\n<\/span><\/p>\n[\/vc_column_text][\/vc_column][\/vc_row][vc_row type=&#8220;in_container&#8220; full_screen_row_position=&#8220;middle&#8220; equal_height=&#8220;yes&#8220; scene_position=&#8220;center&#8220; text_color=&#8220;dark&#8220; text_align=&#8220;left&#8220; overlay_strength=&#8220;0.3&#8243; shape_divider_position=&#8220;bottom&#8220; shape_type=&#8220;&#8220;][vc_column centered_text=&#8220;true&#8220; column_padding=&#8220;padding-3-percent&#8220; column_padding_position=&#8220;all&#8220; background_color_opacity=&#8220;1&#8243; background_hover_color_opacity=&#8220;1&#8243; column_link_target=&#8220;_self&#8220; column_shadow=&#8220;none&#8220; column_border_radius=&#8220;none&#8220; width=&#8220;1\/2&#8243; tablet_width_inherit=&#8220;default&#8220; tablet_text_alignment=&#8220;default&#8220; phone_text_alignment=&#8220;default&#8220; column_border_width=&#8220;none&#8220; column_border_style=&#8220;solid&#8220;][image_with_animation image_url=&#8220;6210&#8243; alignment=&#8220;center&#8220; animation=&#8220;Fade In&#8220; img_link_large=&#8220;yes&#8220; border_radius=&#8220;none&#8220; box_shadow=&#8220;none&#8220; max_width=&#8220;100%&#8220;][\/vc_column][vc_column column_padding=&#8220;padding-3-percent&#8220; column_padding_position=&#8220;all&#8220; background_color_opacity=&#8220;1&#8243; background_hover_color_opacity=&#8220;1&#8243; column_link_target=&#8220;_self&#8220; column_shadow=&#8220;none&#8220; column_border_radius=&#8220;none&#8220; width=&#8220;1\/2&#8243; tablet_width_inherit=&#8220;default&#8220; tablet_text_alignment=&#8220;default&#8220; phone_text_alignment=&#8220;default&#8220; column_border_width=&#8220;none&#8220; column_border_style=&#8220;solid&#8220;][vc_column_text]\n<h2>Mauro Dolzan &#8211; Grappa riserva vecchia barrique<\/h2>\n<p>F\u00fcr diejenigen, die die beste Barrique-Grappa suchen, ist die Selezione Mauro Dolzan die Antwort. Zartes Aroma und weicher Geschmack machen diese alte Barrique-Reservegrappa unvergesslich. Sie tr\u00e4gt den Namen von Mauro Dolzan, der mit seinem Bruder Michele die sechste Generation der Familie repr\u00e4sentiert. Die Drei-Liter-Flasche wird in einem originalen Flaschenst\u00e4nder, der von einem Trentiner Handwerker zusammengebaut und aus dem Holz des Barriques hergestellt wurde, in dem die Grappa lange gereift ist. Um diese Grappa anzuzapfen, empfiehlt sich die Verwendung unserer professionellen mundgeblasene Dosierhilfe.[\/vc_column_text]<div class=\"iwithtext\"><div class=\"iwt-icon\"> <img src=\"https:\/\/www.villadevarda.com\/wp-content\/uploads\/2015\/07\/icon-uva.png\" alt=\"\" \/> <\/div><div class=\"iwt-text\"> <strong>60% Blauburgunder<\/strong>-Trester und <strong>40% Teroldego<\/strong>-Trester aus Trentino, leicht gepresst und sofort nach dem Abstich destilliert <\/div><div class=\"clear\"><\/div><\/div>[divider line_type=&#8220;No Line&#8220; custom_height=&#8220;30px&#8220;][vc_text_separator title=&#8220;&#8220;]<div class=\"iwithtext\"><div class=\"iwt-icon\"> <img src=\"https:\/\/www.villadevarda.com\/wp-content\/uploads\/2015\/07\/icona-gusto-2.png\" alt=\"\" \/> <\/div><div class=\"iwt-text\"> \n<p>Warmer Bernsteinton mit goldgelben Reflexen<\/p>\n<p>Mild, fein und mit einer ausgezeichneten Identit\u00e4t, angenehmen Fruchtnoten von Sauerkirschen und reifen roten Beeren und ehrlichen R\u00f6staromen von Kaffee, Mandeln und Kakao<\/p>\n<p>Sehr weich, intensiv und aromenreich, elegant und mit einem Bouquet von fruchtigen, blumigen und ger\u00f6steten Noten und Vanille <\/div><div class=\"clear\"><\/div><\/div>[\/vc_column][\/vc_row][vc_row type=&#8220;in_container&#8220; full_screen_row_position=&#8220;middle&#8220; bg_color=&#8220;#fcf8f6&#8243; scene_position=&#8220;center&#8220; text_color=&#8220;dark&#8220; text_align=&#8220;center&#8220; overlay_strength=&#8220;0.3&#8243; shape_divider_position=&#8220;bottom&#8220; shape_type=&#8220;&#8220;][vc_column column_padding=&#8220;padding-3-percent&#8220; column_padding_position=&#8220;all&#8220; background_color_opacity=&#8220;1&#8243; background_hover_color_opacity=&#8220;1&#8243; column_link_target=&#8220;_self&#8220; column_shadow=&#8220;none&#8220; column_border_radius=&#8220;none&#8220; width=&#8220;1\/1&#8243; tablet_width_inherit=&#8220;default&#8220; tablet_text_alignment=&#8220;default&#8220; phone_text_alignment=&#8220;default&#8220; column_border_width=&#8220;none&#8220; column_border_style=&#8220;solid&#8220;][vc_row_inner column_margin=&#8220;default&#8220; top_padding=&#8220;30&#8243; text_align=&#8220;left&#8220;][vc_column_inner column_padding=&#8220;no-extra-padding&#8220; column_padding_position=&#8220;all&#8220; background_color_opacity=&#8220;1&#8243; background_hover_color_opacity=&#8220;1&#8243; column_shadow=&#8220;none&#8220; column_border_radius=&#8220;none&#8220; column_link_target=&#8220;_self&#8220; width=&#8220;1\/4&#8243; tablet_width_inherit=&#8220;default&#8220; column_border_width=&#8220;none&#8220; column_border_style=&#8220;solid&#8220;][vc_column_text]<span style=\"color: #c17748;\"><strong>Alc Vol<br \/>\n<\/strong><\/span>40% Vol.<\/p>\n<p><img loading=\"lazy\" class=\"alignnone size-full wp-image-9455\" src=\"https:\/\/www.villadevarda.com\/wp-content\/uploads\/2019\/01\/simbolo-gradazione-grappe-trentine-2.png\" alt=\"\" width=\"45\" height=\"52\" \/>[\/vc_column_text][\/vc_column_inner][vc_column_inner column_padding=&#8220;no-extra-padding&#8220; column_padding_position=&#8220;all&#8220; background_color_opacity=&#8220;1&#8243; background_hover_color_opacity=&#8220;1&#8243; column_shadow=&#8220;none&#8220; column_border_radius=&#8220;none&#8220; column_link_target=&#8220;_self&#8220; width=&#8220;1\/4&#8243; tablet_width_inherit=&#8220;default&#8220; column_border_width=&#8220;none&#8220; column_border_style=&#8220;solid&#8220;][vc_column_text]<span style=\"color: #c17748;\"><strong>Temperatur<br \/>\n<\/strong><\/span>20\u00b0<\/p>\n<p><img loading=\"lazy\" class=\"alignnone wp-image-9453 size-full\" src=\"https:\/\/www.villadevarda.com\/wp-content\/uploads\/2018\/10\/icona-gradi-temperatura.png\" alt=\"\" width=\"50\" height=\"63\" \/>[\/vc_column_text][\/vc_column_inner][vc_column_inner column_padding=&#8220;no-extra-padding&#8220; column_padding_position=&#8220;all&#8220; background_color_opacity=&#8220;1&#8243; background_hover_color_opacity=&#8220;1&#8243; column_shadow=&#8220;none&#8220; column_border_radius=&#8220;none&#8220; column_link_target=&#8220;_self&#8220; width=&#8220;1\/4&#8243; tablet_width_inherit=&#8220;default&#8220; column_border_width=&#8220;none&#8220; column_border_style=&#8220;solid&#8220;][vc_column_text]<span style=\"color: #c17748;\"><strong>Format<\/strong><\/span><br \/>\n300 cl<\/p>\n<p><img loading=\"lazy\" class=\"alignnone size-full wp-image-9452\" src=\"https:\/\/www.villadevarda.com\/wp-content\/uploads\/2018\/10\/icona-formati.png\" alt=\"\" width=\"50\" height=\"63\" \/>[\/vc_column_text][\/vc_column_inner][vc_column_inner column_padding=&#8220;no-extra-padding&#8220; column_padding_position=&#8220;all&#8220; background_color_opacity=&#8220;1&#8243; background_hover_color_opacity=&#8220;1&#8243; column_shadow=&#8220;none&#8220; column_border_radius=&#8220;none&#8220; column_link_target=&#8220;_blank&#8220; width=&#8220;1\/4&#8243; tablet_width_inherit=&#8220;default&#8220; column_border_width=&#8220;none&#8220; column_border_style=&#8220;solid&#8220; column_link=&#8220;https:\/\/www.villadevarda.com\/pdf\/grappe\/`{`PDF-ITA`}`-scheda-tecnica-grappa-riserva-vecchia-barrique-villa-de-varda.pdf&#8220;][vc_column_text]<span style=\"color: #c17748;\"><strong>Datenblatt<br \/>\n<\/strong><\/span>Download<span style=\"color: #c17748;\"><strong><br \/>\n<\/strong><\/span><\/p>\n<p><img loading=\"lazy\" class=\"alignnone wp-image-9450 size-full\" src=\"https:\/\/www.villadevarda.com\/wp-content\/uploads\/2018\/10\/icona-download-pdf.png\" alt=\"\" width=\"50\" height=\"63\" \/>[\/vc_column_text][\/vc_column_inner][\/vc_row_inner][\/vc_column][\/vc_row]\n","protected":false},"excerpt":{"rendered":"<p>[vc_row type=&#8220;in_container&#8220; full_screen_row_position=&#8220;middle&#8220; scene_position=&#8220;center&#8220; text_color=&#8220;dark&#8220; text_align=&#8220;left&#8220; overlay_strength=&#8220;0.3&#8243; shape_divider_position=&#8220;bottom&#8220;][vc_column column_padding=&#8220;no-extra-padding&#8220; column_padding_position=&#8220;all&#8220; background_color_opacity=&#8220;1&#8243; background_hover_color_opacity=&#8220;1&#8243; column_link_target=&#8220;_self&#8220; column_shadow=&#8220;none&#8220; column_border_radius=&#8220;none&#8220; width=&#8220;1\/1&#8243; tablet_width_inherit=&#8220;default&#8220; tablet_text_alignment=&#8220;default&#8220; phone_text_alignment=&#8220;default&#8220; column_border_width=&#8220;none&#8220; column_border_style=&#8220;solid&#8220;][vc_column_text] Selezione Mauro Dolzan &#8211; Grappa Riserva Vecchia Barrique Riserve&#8230;<\/p>\n","protected":false},"author":1,"featured_media":9849,"parent":9412,"menu_order":0,"comment_status":"closed","ping_status":"closed","template":"","meta":[],"_links":{"self":[{"href":"https:\/\/www.villadevarda.com\/de\/wp-json\/wp\/v2\/pages\/9449"}],"collection":[{"href":"https:\/\/www.villadevarda.com\/de\/wp-json\/wp\/v2\/pages"}],"about":[{"href":"https:\/\/www.villadevarda.com\/de\/wp-json\/wp\/v2\/types\/page"}],"author":[{"embeddable":true,"href":"https:\/\/www.villadevarda.com\/de\/wp-json\/wp\/v2\/users\/1"}],"replies":[{"embeddable":true,"href":"https:\/\/www.villadevarda.com\/de\/wp-json\/wp\/v2\/comments?post=9449"}],"version-history":[{"count":5,"href":"https:\/\/www.villadevarda.com\/de\/wp-json\/wp\/v2\/pages\/9449\/revisions"}],"predecessor-version":[{"id":9978,"href":"https:\/\/www.villadevarda.com\/de\/wp-json\/wp\/v2\/pages\/9449\/revisions\/9978"}],"up":[{"embeddable":true,"href":"https:\/\/www.villadevarda.com\/de\/wp-json\/wp\/v2\/pages\/9412"}],"wp:featuredmedia":[{"embeddable":true,"href":"https:\/\/www.villadevarda.com\/de\/wp-json\/wp\/v2\/media\/9849"}],"wp:attachment":[{"href":"https:\/\/www.villadevarda.com\/de\/wp-json\/wp\/v2\/media?parent=9449"}],"curies":[{"name":"wp","href":"https:\/\/api.w.org\/{rel}","templated":true}]}}